{"id":68,"date":"2019-03-20T18:43:29","date_gmt":"2019-03-20T18:43:29","guid":{"rendered":"http:\/\/drei-linden-schule-ranzel.de\/?page_id=68"},"modified":"2026-02-19T19:21:33","modified_gmt":"2026-02-19T19:21:33","slug":"schulpflegschaft-verein-der-freunde-und-foerderer-der-drei-linden-schule-e-v","status":"publish","type":"page","link":"https:\/\/drei-linden-schule-ranzel.de\/?page_id=68","title":{"rendered":"Schulmitwirkung"},"content":{"rendered":"\n<p><b>Schulpflegschaft  &amp;<\/b><br><strong>Verein der Freunde und F\u00f6rderer der Drei Linden Schule e.V.\ufeff<\/strong><br><\/p>\n\n\n\n<p class=\"has-text-align-left\">Der F\u00f6rderverein und die Schulpflegschaft leben von engagierten Eltern! <br>Gemeinsam gestalten wir unseren Kindern eine erlebnisreiche Schulzeit. <\/p>\n\n\n<div class=\"wp-block-image\">\n<figure class=\"alignright is-resized\"><img loading=\"lazy\" decoding=\"async\" width=\"773\" height=\"1024\" src=\"http:\/\/drei-linden-schule-ranzel.de\/wp-content\/uploads\/2019\/03\/09B00B78-A7E4-4CC3-BA12-B8537BCAB1D5-773x1024.jpeg\" alt=\"\" class=\"wp-image-69\" style=\"width:318px;height:421px\" srcset=\"https:\/\/drei-linden-schule-ranzel.de\/wp-content\/uploads\/2019\/03\/09B00B78-A7E4-4CC3-BA12-B8537BCAB1D5-773x1024.jpeg 773w, https:\/\/drei-linden-schule-ranzel.de\/wp-content\/uploads\/2019\/03\/09B00B78-A7E4-4CC3-BA12-B8537BCAB1D5-227x300.jpeg 227w, https:\/\/drei-linden-schule-ranzel.de\/wp-content\/uploads\/2019\/03\/09B00B78-A7E4-4CC3-BA12-B8537BCAB1D5-768x1017.jpeg 768w\" sizes=\"auto, (max-width: 767px) 89vw, (max-width: 1000px) 54vw, (max-width: 1071px) 543px, 580px\" \/><figcaption class=\"wp-element-caption\"><br><\/figcaption><\/figure>\n<\/div>\n\n\n<p class=\"has-text-align-left\">Wir organisieren den <b>Sankt Martins Umzug<\/b>, den <b>Sponsorenlauf<\/b> und unseren Stand auf dem <b>Adventsmarkt<\/b>. Wir begr\u00fc\u00dfen neue Eltern bei der <b>Einschulung<\/b> und am <b>Tag der Offenen T\u00fcr <\/b>und unterst\u00fctzen bei gro\u00dfen und kleinen <b>Schulfesten<\/b>. Durch die Einnahmen und Spenden werden zum Beispiel Projekte wie <b>Klasse2000<\/b> oder die Anschaffung neuer <b>digitaler Lernmittel <\/b>f\u00fcr unsere Klassen finanziert.<\/p>\n\n\n\n<p class=\"has-text-align-center\">Das alles tun wir mit ganz viel Spa\u00df in einem tollen Team. Machen Sie mit!<\/p>\n\n\n\n<hr class=\"wp-block-separator has-css-opacity\"\/>\n\n\n\n<h4 class=\"wp-block-heading\">Kontakt:<\/h4>\n\n\n\n<p><b>Schulpflegschaftsvorsitz<\/b><strong><b>ende<\/b>r<\/strong><\/p>\n\n\n\n<p>Frederic Wacker<br><a href=\"mailto:schulpflegschaft@drei-linden-schule-ranzel.de\">schulpflegschaft@drei-linden-schule-ranzel.de<\/a><\/p>\n\n\n\n<p><b>F\u00f6rdervereinsvorsitzende<\/b><\/p>\n\n\n\n<p class=\"has-text-align-left\">Sabine He\u00dfling<br><a href=\"mailto:foerderverein@drei-linden-schule-ranzel.de\">foerderverein@drei-linden-schule-ranzel.de<\/a><\/p>\n\n\n\n<div data-wp-interactive=\"core\/file\" class=\"wp-block-file\"><object data-wp-bind--hidden=\"!state.hasPdfPreview\" hidden class=\"wp-block-file__embed\" data=\"http:\/\/drei-linden-schule-ranzel.de\/wp-content\/uploads\/2024\/05\/240527-Satzung-Foerderverein-Drei-Linden-Grundschule.pdf\" type=\"application\/pdf\" style=\"width:100%;height:600px\" aria-label=\"Einbettung von 240527-Satzung-Foerderverein-Drei-Linden-Grundschule.\"><\/object><a id=\"wp-block-file--media-490e7821-5c19-4e03-be1d-f35b7cc7f91e\" href=\"http:\/\/drei-linden-schule-ranzel.de\/wp-content\/uploads\/2024\/05\/240527-Satzung-Foerderverein-Drei-Linden-Grundschule.pdf\">240527-Satzung-Foerderverein-Drei-Linden-Grundschule<\/a><a href=\"http:\/\/drei-linden-schule-ranzel.de\/wp-content\/uploads\/2024\/05\/240527-Satzung-Foerderverein-Drei-Linden-Grundschule.pdf\" class=\"wp-block-file__button wp-element-button\" download aria-describedby=\"wp-block-file--media-490e7821-5c19-4e03-be1d-f35b7cc7f91e\">Herunterladen<\/a><\/div>\n\n\n\n<hr class=\"wp-block-separator has-css-opacity\"\/>\n\n\n\n<hr class=\"wp-block-separator has-css-opacity\"\/>\n\n\n\n<div data-wp-interactive=\"core\/file\" class=\"wp-block-file\"><object data-wp-bind--hidden=\"!state.hasPdfPreview\" hidden class=\"wp-block-file__embed\" data=\"https:\/\/drei-linden-schule-ranzel.de\/wp-content\/uploads\/2026\/02\/2026_mitgliedsantrag_neu_pdf_ausfuellbar.pdf\" type=\"application\/pdf\" style=\"width:100%;height:600px\" aria-label=\"Einbettung von 2026_mitgliedsantrag_neu_pdf_ausfu\u0308llbar.\"><\/object><a id=\"wp-block-file--media-c34a6da3-134e-4c92-a50c-20cb421a76af\" href=\"https:\/\/drei-linden-schule-ranzel.de\/wp-content\/uploads\/2026\/02\/2026_mitgliedsantrag_neu_pdf_ausfuellbar.pdf\">2026_mitgliedsantrag_neu_pdf_ausfu\u0308llbar<\/a><a href=\"https:\/\/drei-linden-schule-ranzel.de\/wp-content\/uploads\/2026\/02\/2026_mitgliedsantrag_neu_pdf_ausfuellbar.pdf\" class=\"wp-block-file__button wp-element-button\" download aria-describedby=\"wp-block-file--media-c34a6da3-134e-4c92-a50c-20cb421a76af\">Herunterladen<\/a><\/div>\n\n\n\n<p><b>Mitwirkung im Schulgesetz<\/b><\/p>\n\n\n\n<p>Wie die Mitwirkung im Einzelnen aussieht und welche M\u00f6glichkeiten es gibt, sich zu beteiligen und mitzusprechen, regelt das Schulgesetz in den Paragraphen 62 bis 77.<\/p>\n\n\n\n<p>\u00a7 72 Schulpflegschaft<br> (1) Mitglieder der Schulpflegschaft sind die Vorsitzenden der Klassenpflegschaften sowie die von den Jahrgangsstufen gew\u00e4hlten Vertreterinnen und Vertreter. Ihre Stellvertreterinnen und Stellvertreter k\u00f6nnen, die Schulleiterin oder der Schulleiter soll beratend an den Sitzungen teilnehmen. Zwei vom Sch\u00fclerrat gew\u00e4hlte Sch\u00fclerinnen und Sch\u00fcler ab Klasse 7 k\u00f6nnen mit beratender Stimme teilnehmen. Die Schulpflegschaft w\u00e4hlt eine Vorsitzende oder einen Vorsitzenden und bis zu drei Stellvertreterinnen oder Stellvertreter. W\u00e4hlbar sind neben den Mitgliedern der Schulpflegschaft die stellvertretenden Vorsitzenden der Klassen- und Jahrgangsstufenpflegschaften; sie werden mit der Wahl Mitglieder der Schulpflegschaft.<br> (2) Die Schulpflegschaft vertritt die Interessen der Eltern bei der Gestaltung der Bildungs- und Erziehungsarbeit der Schule. Sie ber\u00e4t \u00fcber alle wichtigen Angelegenheiten der Schule. Hierzu kann sie Antr\u00e4ge an die Schulkonferenz richten. Die Schulpflegschaft w\u00e4hlt die Vertretung der Eltern f\u00fcr die Schulkonferenz und die Fachkonferenzen. Die Eltern k\u00f6nnen \u00fcber die Bildungs- und Erziehungsarbeit auch unter sich beraten.<br> (3) Die Schulpflegschaft kann eine Versammlung aller Eltern einberufen. Die Elternversammlung l\u00e4sst sich \u00fcber wichtige Angelegenheiten der Schule unterrichten und ber\u00e4t dar\u00fcber.<br> (4) Schulpflegschaften k\u00f6nnen auf \u00f6rtlicher und \u00fcber\u00f6rtlicher Ebene zusammenwirken und ihre Interessen gegen\u00fcber Schultr\u00e4ger und Schulaufsicht vertreten.<\/p>\n\n\n\n<p>\u00a7 65<br> Aufgaben der Schulkonferenz<br> (1) An jeder Schule ist eine Schulkonferenz einzurichten. Sie ist das oberste Mitwirkungsgremium der Schule, in dem alle an der Bildungs- und Erziehungsarbeit der Schule Beteiligten zusammenwirken. Sie ber\u00e4t in grunds\u00e4tzlichen Angelegenheiten der Schule und vermittelt bei Konflikten innerhalb der Schule. Sie kann Vorschl\u00e4ge und Anregungen an den Schultr\u00e4ger und an die Schulaufsichtsbeh\u00f6rde richten.<br>(2) Die Schulkonferenz entscheidet im Rahmen der Rechts- und Verwaltungsvorschriften in folgenden Angelegenheiten:<br><\/p>\n\n\n\n<ol class=\"wp-block-list\">\n<li>Schulprogramm (\u00a7 3 Abs. 2),<\/li>\n\n\n\n<li>Ma\u00dfnahmen der Qualit\u00e4tsentwicklung und Qualit\u00e4tssicherung (\u00a7 3<br> Abs. 3),<\/li>\n\n\n\n<li>Abschluss von Vereinbarungen \u00fcber die Kooperation von Schulen<br> und die Zusammenarbeit mit anderen Partnern (\u00a7 4 Abs. 3, \u00a7 5, \u00a7 9<br> Abs. 3),<\/li>\n\n\n\n<li>Festlegung der beweglichen Ferientage (\u00a7 7 Abs. 2),<\/li>\n\n\n\n<li>Unterrichtsverteilung auf sechs Wochentage (\u00a7 8 Abs. 1),<\/li>\n\n\n\n<li>Einrichtung au\u00dferunterrichtlicher Ganztags- und Betreuungsangebote (\u00a7 9 Abs. 2) sowie die Rahmenplanung von Schulveranstaltungen au\u00dferhalb des Unterrichts,<\/li>\n\n\n\n<li>Organisation der Schuleingangsphase (\u00a7 11 Abs. 2 und 3),<\/li>\n\n\n\n<li>Vorschlag der Schule zur Einrichtung des Gemeinsamen Lernens (\u00a7<br> 20 Absatz 2),<\/li>\n\n\n\n<li>Einf\u00fchrung von Lernmitteln (\u00a7 30 Abs. 3) und Bestimmung der Lern-<br> mittel, die im Rahmen des Eigenanteils zu beschaffen sind (\u00a7 96),<\/li>\n\n\n\n<li>Grunds\u00e4tze f\u00fcr Umfang und Verteilung der Hausaufgaben und Klassenarbeiten,<\/li>\n\n\n\n<li>Grunds\u00e4tze zum Umgang mit allgemeinen Erziehungsschwierigkei-<br> ten sowie zum Abschluss von Bildungs- und Erziehungsvereinbarungen (\u00a7 42 Abs. 5),<\/li>\n\n\n\n<li>Information und Beratung (\u00a7 44),<\/li>\n\n\n\n<li>Grunds\u00e4tze f\u00fcr die Bet\u00e4tigung von Sch\u00fclergruppen (\u00a7 45 Abs. 4),<\/li>\n\n\n\n<li>Grunds\u00e4tze \u00fcber Aussagen zum Arbeits- und Sozialverhalten in<br> Zeugnissen (jetzt: Arbeitsverhalten und Sozialverhalten)(\u00a7 49 Abs. 2),<\/li>\n\n\n\n<li>Wirtschaftliche Bet\u00e4tigung, Geldsammlungen (\u00a7 55) und Sponsoring<br> (\u00a7 99 Abs. 1),<\/li>\n\n\n\n<li>Schulhaushalt (\u00a7 59 Abs. 9),<\/li>\n\n\n\n<li>Bestellung der Schulleiterin oder des Schulleiters (\u00a7 61 Abs. 1 und 2),<\/li>\n\n\n\n<li>erg\u00e4nzende Verfahrens- und Wahlvorschriften (\u00a7 63 Abs. 6 und \u00a7 64<br> Abs. 5),<\/li>\n\n\n\n<li>Einrichtung und Zusammensetzung von Fachkonferenzen (\u00a7 70 Abs.<br> 5), Teilkonferenzen und des Vertrauensausschusses oder Bestellung<br> einer Vertrauensperson (\u00a7 67 Abs. 1 und 2),<\/li>\n\n\n\n<li>besondere Formen der Mitwirkung (\u00a7 75),<\/li>\n\n\n\n<li>Mitwirkung beim Schultr\u00e4ger (\u00a7 76),<\/li>\n\n\n\n<li>Erlass einer Schulordnung,<\/li>\n\n\n\n<li>Ausnahmen vom Alkoholverbot (\u00a7 54 Abs. 5),<\/li>\n\n\n\n<li>Erh\u00f6hung der Zahl der Vertretungen der Eltern in Fachkonferenzen<br> und Bildungsgangkonferenzen (\u00a7 70 Abs. 1),<\/li>\n\n\n\n<li>Empfehlung zum Tragen einheitlicher Schulkleidung (\u00a7 42 Abs. 8).<br> (3) Das Ministerium kann durch Rechtsverordnung der Schulkonferenz weitere Angelegenheiten aus der Bildungs- und Erziehungsarbeit der Schule zur Entscheidung \u00fcbertragen.<\/li>\n<\/ol>\n\n\n\n<p><i>vgl. www.schulministerium.nrw.de<\/i><\/p>\n","protected":false},"excerpt":{"rendered":"<p>Schulpflegschaft &amp;Verein der Freunde und F\u00f6rderer der Drei Linden Schule e.V.\ufeff Der F\u00f6rderverein und die Schulpflegschaft leben von engagierten Eltern! Gemeinsam gestalten wir unseren Kindern eine erlebnisreiche Schulzeit. Wir organisieren den Sankt Martins Umzug, den Sponsorenlauf und unseren Stand auf dem Adventsmarkt. Wir begr\u00fc\u00dfen neue Eltern bei der Einschulung und am Tag der Offenen T\u00fcr &hellip; <\/p>\n<p class=\"link-more\"><a href=\"https:\/\/drei-linden-schule-ranzel.de\/?page_id=68\" class=\"more-link\"><span class=\"screen-reader-text\">\u201eSchulmitwirkung\u201c<\/span> weiterlesen<\/a><\/p>\n","protected":false},"author":1,"featured_media":0,"parent":0,"menu_order":0,"comment_status":"closed","ping_status":"closed","template":"","meta":{"jetpack_post_was_ever_published":false,"footnotes":""},"class_list":["post-68","page","type-page","status-publish","hentry"],"jetpack_sharing_enabled":false,"jetpack_shortlink":"https:\/\/wp.me\/PaPdtp-16","_links":{"self":[{"href":"https:\/\/drei-linden-schule-ranzel.de\/index.php?rest_route=\/wp\/v2\/pages\/68","targetHints":{"allow":["GET"]}}],"collection":[{"href":"https:\/\/drei-linden-schule-ranzel.de\/index.php?rest_route=\/wp\/v2\/pages"}],"about":[{"href":"https:\/\/drei-linden-schule-ranzel.de\/index.php?rest_route=\/wp\/v2\/types\/page"}],"author":[{"embeddable":true,"href":"https:\/\/drei-linden-schule-ranzel.de\/index.php?rest_route=\/wp\/v2\/users\/1"}],"replies":[{"embeddable":true,"href":"https:\/\/drei-linden-schule-ranzel.de\/index.php?rest_route=%2Fwp%2Fv2%2Fcomments&post=68"}],"version-history":[{"count":24,"href":"https:\/\/drei-linden-schule-ranzel.de\/index.php?rest_route=\/wp\/v2\/pages\/68\/revisions"}],"predecessor-version":[{"id":2652,"href":"https:\/\/drei-linden-schule-ranzel.de\/index.php?rest_route=\/wp\/v2\/pages\/68\/revisions\/2652"}],"wp:attachment":[{"href":"https:\/\/drei-linden-schule-ranzel.de\/index.php?rest_route=%2Fwp%2Fv2%2Fmedia&parent=68"}],"curies":[{"name":"wp","href":"https:\/\/api.w.org\/{rel}","templated":true}]}}