{"id":564,"date":"2020-04-07T08:43:59","date_gmt":"2020-04-07T08:43:59","guid":{"rendered":"http:\/\/drei-linden-schule-ranzel.de\/?page_id=564"},"modified":"2025-10-26T18:05:56","modified_gmt":"2025-10-26T18:05:56","slug":"termine","status":"publish","type":"page","link":"https:\/\/drei-linden-schule-ranzel.de\/?page_id=564","title":{"rendered":"Termine"},"content":{"rendered":"\n<p><strong><em>Kurzfristige \u00c4nderungen sind m\u00f6glich. Ma\u00dfgeblich sind stets die aktuellen Mitteilungen der Klassenleitungen bzw. der Schulleitung.<\/em><\/strong><\/p>\n\n\n\n<div data-wp-interactive=\"core\/file\" class=\"wp-block-file\"><object data-wp-bind--hidden=\"!state.hasPdfPreview\" hidden class=\"wp-block-file__embed\" data=\"https:\/\/drei-linden-schule-ranzel.de\/wp-content\/uploads\/2025\/10\/DLS-Terminkalender-2025-2026-Eltern-Stand-09102025-1.pdf\" type=\"application\/pdf\" style=\"width:100%;height:600px\" aria-label=\"Einbettung von DLS Terminkalender 2025-2026 Eltern Stand 09102025 (1).\"><\/object><a id=\"wp-block-file--media-9c34c024-6857-45dc-b04b-87fbdb7065bf\" href=\"https:\/\/drei-linden-schule-ranzel.de\/wp-content\/uploads\/2025\/10\/DLS-Terminkalender-2025-2026-Eltern-Stand-09102025-1.pdf\">DLS Terminkalender 2025-2026 Eltern Stand 09102025 (1)<\/a><a href=\"https:\/\/drei-linden-schule-ranzel.de\/wp-content\/uploads\/2025\/10\/DLS-Terminkalender-2025-2026-Eltern-Stand-09102025-1.pdf\" class=\"wp-block-file__button wp-element-button\" download aria-describedby=\"wp-block-file--media-9c34c024-6857-45dc-b04b-87fbdb7065bf\">Herunterladen<\/a><\/div>\n","protected":false},"excerpt":{"rendered":"<p>Kurzfristige \u00c4nderungen sind m\u00f6glich. Ma\u00dfgeblich sind stets die aktuellen Mitteilungen der Klassenleitungen bzw. der Schulleitung.<\/p>\n","protected":false},"author":1,"featured_media":0,"parent":0,"menu_order":0,"comment_status":"closed","ping_status":"closed","template":"","meta":{"footnotes":""},"class_list":["post-564","page","type-page","status-publish","hentry"],"jetpack_sharing_enabled":true,"jetpack_shortlink":"https:\/\/wp.me\/PaPdtp-96","_links":{"self":[{"href":"https:\/\/drei-linden-schule-ranzel.de\/index.php?rest_route=\/wp\/v2\/pages\/564","targetHints":{"allow":["GET"]}}],"collection":[{"href":"https:\/\/drei-linden-schule-ranzel.de\/index.php?rest_route=\/wp\/v2\/pages"}],"about":[{"href":"https:\/\/drei-linden-schule-ranzel.de\/index.php?rest_route=\/wp\/v2\/types\/page"}],"author":[{"embeddable":true,"href":"https:\/\/drei-linden-schule-ranzel.de\/index.php?rest_route=\/wp\/v2\/users\/1"}],"replies":[{"embeddable":true,"href":"https:\/\/drei-linden-schule-ranzel.de\/index.php?rest_route=%2Fwp%2Fv2%2Fcomments&post=564"}],"version-history":[{"count":11,"href":"https:\/\/drei-linden-schule-ranzel.de\/index.php?rest_route=\/wp\/v2\/pages\/564\/revisions"}],"predecessor-version":[{"id":2463,"href":"https:\/\/drei-linden-schule-ranzel.de\/index.php?rest_route=\/wp\/v2\/pages\/564\/revisions\/2463"}],"wp:attachment":[{"href":"https:\/\/drei-linden-schule-ranzel.de\/index.php?rest_route=%2Fwp%2Fv2%2Fmedia&parent=564"}],"curies":[{"name":"wp","href":"https:\/\/api.w.org\/{rel}","templated":true}]}}