{"id":1171,"date":"2022-10-29T13:05:13","date_gmt":"2022-10-29T13:05:13","guid":{"rendered":"http:\/\/drei-linden-schule-ranzel.de\/?page_id=1171"},"modified":"2022-10-29T14:07:59","modified_gmt":"2022-10-29T14:07:59","slug":"uebergang-weiterfuehrende-schule","status":"publish","type":"page","link":"https:\/\/drei-linden-schule-ranzel.de\/?page_id=1171","title":{"rendered":"\u00dcbergang weiterf\u00fchrende Schule"},"content":{"rendered":"\n<div class=\"wp-block-image\"><figure class=\"aligncenter size-large\"><img loading=\"lazy\" decoding=\"async\" width=\"724\" height=\"1024\" src=\"http:\/\/drei-linden-schule-ranzel.de\/wp-content\/uploads\/2022\/10\/Weiterfu\u0308hrende-Schulen-Infobrief-U\u0308bergang_Seite_1-724x1024.png\" alt=\"\" class=\"wp-image-1186\" srcset=\"https:\/\/drei-linden-schule-ranzel.de\/wp-content\/uploads\/2022\/10\/Weiterfu\u0308hrende-Schulen-Infobrief-U\u0308bergang_Seite_1-724x1024.png 724w, https:\/\/drei-linden-schule-ranzel.de\/wp-content\/uploads\/2022\/10\/Weiterfu\u0308hrende-Schulen-Infobrief-U\u0308bergang_Seite_1-212x300.png 212w, https:\/\/drei-linden-schule-ranzel.de\/wp-content\/uploads\/2022\/10\/Weiterfu\u0308hrende-Schulen-Infobrief-U\u0308bergang_Seite_1-768x1086.png 768w, https:\/\/drei-linden-schule-ranzel.de\/wp-content\/uploads\/2022\/10\/Weiterfu\u0308hrende-Schulen-Infobrief-U\u0308bergang_Seite_1-1086x1536.png 1086w, https:\/\/drei-linden-schule-ranzel.de\/wp-content\/uploads\/2022\/10\/Weiterfu\u0308hrende-Schulen-Infobrief-U\u0308bergang_Seite_1-1448x2048.png 1448w, https:\/\/drei-linden-schule-ranzel.de\/wp-content\/uploads\/2022\/10\/Weiterfu\u0308hrende-Schulen-Infobrief-U\u0308bergang_Seite_1.png 1654w\" sizes=\"auto, (max-width: 724px) 100vw, 724px\" \/><\/figure><\/div>\n\n\n\n<figure class=\"wp-block-image size-large\"><img loading=\"lazy\" decoding=\"async\" width=\"724\" height=\"1024\" src=\"http:\/\/drei-linden-schule-ranzel.de\/wp-content\/uploads\/2022\/10\/Weiterfu\u0308hrende-Schulen-Infobrief-U\u0308bergang_Seite_2-724x1024.png\" alt=\"\" class=\"wp-image-1188\" srcset=\"https:\/\/drei-linden-schule-ranzel.de\/wp-content\/uploads\/2022\/10\/Weiterfu\u0308hrende-Schulen-Infobrief-U\u0308bergang_Seite_2-724x1024.png 724w, https:\/\/drei-linden-schule-ranzel.de\/wp-content\/uploads\/2022\/10\/Weiterfu\u0308hrende-Schulen-Infobrief-U\u0308bergang_Seite_2-212x300.png 212w, https:\/\/drei-linden-schule-ranzel.de\/wp-content\/uploads\/2022\/10\/Weiterfu\u0308hrende-Schulen-Infobrief-U\u0308bergang_Seite_2-768x1086.png 768w, https:\/\/drei-linden-schule-ranzel.de\/wp-content\/uploads\/2022\/10\/Weiterfu\u0308hrende-Schulen-Infobrief-U\u0308bergang_Seite_2-1086x1536.png 1086w, https:\/\/drei-linden-schule-ranzel.de\/wp-content\/uploads\/2022\/10\/Weiterfu\u0308hrende-Schulen-Infobrief-U\u0308bergang_Seite_2-1448x2048.png 1448w, https:\/\/drei-linden-schule-ranzel.de\/wp-content\/uploads\/2022\/10\/Weiterfu\u0308hrende-Schulen-Infobrief-U\u0308bergang_Seite_2.png 1654w\" sizes=\"auto, (max-width: 724px) 100vw, 724px\" \/><\/figure>\n\n\n\n<p><\/p>\n\n\n\n<figure class=\"wp-block-embed-youtube aligncenter wp-block-embed is-type-video is-provider-youtube wp-embed-aspect-16-9 wp-has-aspect-ratio\"><div class=\"wp-block-embed__wrapper\">\n<span class=\"embed-youtube\" style=\"text-align:center; display: block;\"><iframe loading=\"lazy\" class=\"youtube-player\" width=\"525\" height=\"296\" src=\"https:\/\/www.youtube.com\/embed\/QTvRFRpQn9I?version=3&#038;rel=1&#038;showsearch=0&#038;showinfo=1&#038;iv_load_policy=1&#038;fs=1&#038;hl=de-DE&#038;autohide=2&#038;wmode=transparent\" allowfullscreen=\"true\" style=\"border:0;\" sandbox=\"allow-scripts allow-same-origin allow-popups allow-presentation allow-popups-to-escape-sandbox\"><\/iframe><\/span>\n<\/div><\/figure>\n\n\n\n<p><\/p>\n\n\n\n<p><\/p>\n\n\n\n<p>       <\/p>\n\n\n\n<p><\/p>\n\n\n\n<p>Elterninformationen zum \u00dcbergang f\u00fcr Kinder mit sonderp\u00e4dagogischem Unterst\u00fctzungsbedarf finden Sie hier: <\/p>\n\n\n\n<div class=\"wp-block-file aligncenter\"><a href=\"http:\/\/drei-linden-schule-ranzel.de\/wp-content\/uploads\/2022\/10\/Elterninfo-\u00dcbergang.pdf\"><strong>Elterninfo <\/strong>   <\/a><a href=\"http:\/\/drei-linden-schule-ranzel.de\/wp-content\/uploads\/2022\/10\/Elterninfo-\u00dcbergang.pdf\" class=\"wp-block-file__button\" download>Herunterladen<\/a><\/div>\n\n\n\n<p><\/p>\n","protected":false},"excerpt":{"rendered":"<p>Elterninformationen zum \u00dcbergang f\u00fcr Kinder mit sonderp\u00e4dagogischem Unterst\u00fctzungsbedarf finden Sie hier:<\/p>\n","protected":false},"author":1,"featured_media":0,"parent":0,"menu_order":0,"comment_status":"closed","ping_status":"closed","template":"","meta":{"footnotes":""},"class_list":["post-1171","page","type-page","status-publish","hentry"],"jetpack_sharing_enabled":true,"jetpack_shortlink":"https:\/\/wp.me\/PaPdtp-iT","_links":{"self":[{"href":"https:\/\/drei-linden-schule-ranzel.de\/index.php?rest_route=\/wp\/v2\/pages\/1171","targetHints":{"allow":["GET"]}}],"collection":[{"href":"https:\/\/drei-linden-schule-ranzel.de\/index.php?rest_route=\/wp\/v2\/pages"}],"about":[{"href":"https:\/\/drei-linden-schule-ranzel.de\/index.php?rest_route=\/wp\/v2\/types\/page"}],"author":[{"embeddable":true,"href":"https:\/\/drei-linden-schule-ranzel.de\/index.php?rest_route=\/wp\/v2\/users\/1"}],"replies":[{"embeddable":true,"href":"https:\/\/drei-linden-schule-ranzel.de\/index.php?rest_route=%2Fwp%2Fv2%2Fcomments&post=1171"}],"version-history":[{"count":8,"href":"https:\/\/drei-linden-schule-ranzel.de\/index.php?rest_route=\/wp\/v2\/pages\/1171\/revisions"}],"predecessor-version":[{"id":1193,"href":"https:\/\/drei-linden-schule-ranzel.de\/index.php?rest_route=\/wp\/v2\/pages\/1171\/revisions\/1193"}],"wp:attachment":[{"href":"https:\/\/drei-linden-schule-ranzel.de\/index.php?rest_route=%2Fwp%2Fv2%2Fmedia&parent=1171"}],"curies":[{"name":"wp","href":"https:\/\/api.w.org\/{rel}","templated":true}]}}