{"id":532,"date":"2020-04-07T07:39:19","date_gmt":"2020-04-07T07:39:19","guid":{"rendered":"http:\/\/drei-linden-schule-ranzel.de\/?page_id=532"},"modified":"2026-02-03T13:42:38","modified_gmt":"2026-02-03T13:42:38","slug":"ogs-oeffnungszeiten","status":"publish","type":"page","link":"http:\/\/drei-linden-schule-ranzel.de\/?page_id=532","title":{"rendered":"OGS: \u00d6ffnungszeiten"},"content":{"rendered":"\n<p><strong>\u00d6ffnungszeiten:<\/strong><\/p>\n\n\n\n<p>Montag \u2013 Donnerstag: Unterrichtsende &#8211; 16.30 Uhr<\/p>\n\n\n\n<p>Freitag: Unterrichtsende &#8211; 16.00 Uhr<\/p>\n\n\n\n<p><strong>Fr\u00fchbetreuung:<\/strong><\/p>\n\n\n\n<p>Montag \u2013 Freitag von 7:30 Uhr \u2013 8:30 Uhr<\/p>\n\n\n\n<p>Sie haben die M\u00f6glichkeit, Ihr Kind kostenpflichtig f\u00fcr die Fr\u00fchbetreuung anzumelden. Die angemeldeten Kinder werden ab 7.30 Uhr bis 8.30 Uhr im Haus 2 \/ EG betreut.<\/p>\n\n\n\n<p><strong>B\u00fcrozeiten:<\/strong><\/p>\n\n\n\n<p>Das OGS-B\u00fcro ist in der Regel zwischen 8.00 Uhr und 16.00 Uhr besetzt und befindet sich im Haus 1 \/ 1.OG.<\/p>\n\n\n\n<p>Wenn Sie ein Gespr\u00e4ch w\u00fcnschen, vereinbaren Sie bitte pers\u00f6nlich oder telefonisch einen Termin. Sie k\u00f6nnen gerne eine Nachricht auf dem Anrufbeantworter hinterlassen. Ihre Nachrichten werden an die Gruppen weitergeleitet.<\/p>\n\n\n\n<p><strong>Unsere OGS-B\u00fcro-Nummer lautet 02208 5001817 oder 0173 2980720.<\/strong><\/p>\n\n\n\n<p><strong>Erreichbarkeit der Gruppen:<\/strong><\/p>\n\n\n\n<p>Alle Gruppen haben f\u00fcr Notf\u00e4lle Gruppenhandys, unter denen sie erreichbar sind. Die Notfall-Gruppennummern finden Sie im Bereich&nbsp;\u201eUnsere Gruppen\u201c. Bitte haben Sie Verst\u00e4ndnis daf\u00fcr, dass die Gruppenhandys w\u00e4hrend der Lernzeiten und dem Mittagessen ausgeschaltet sind. Bitte versuchen Sie es sp\u00e4ter noch einmal oder rufen in dringenden F\u00e4llen im B\u00fcro an.<\/p>\n\n\n\n<p><strong>Sp\u00e4tdienst:<\/strong><\/p>\n\n\n\n<p>Die Kinder werden im Sp\u00e4tdienst von 16.00 \u2013 16.30 Uhr in unserem Sp\u00e4tdienstraum Haus 2 \/ EG oder bei sch\u00f6nem Wetter auf dem Schulhof betreut. <\/p>\n\n\n\n<p>Den Sp\u00e4tdienst k\u00f6nnen Sie <strong>\u00fcber <strong>0173 2980721<\/strong><\/strong> erreichen.<\/p>\n\n\n\n<p><\/p>\n","protected":false},"excerpt":{"rendered":"<p>\u00d6ffnungszeiten: Montag \u2013 Donnerstag: Unterrichtsende &#8211; 16.30 Uhr Freitag: Unterrichtsende &#8211; 16.00 Uhr Fr\u00fchbetreuung: Montag \u2013 Freitag von 7:30 Uhr \u2013 8:30 Uhr Sie haben die M\u00f6glichkeit, Ihr Kind kostenpflichtig f\u00fcr die Fr\u00fchbetreuung anzumelden. Die angemeldeten Kinder werden ab 7.30 Uhr bis 8.30 Uhr im Haus 2 \/ EG betreut. B\u00fcrozeiten: Das OGS-B\u00fcro ist in &hellip; <\/p>\n<p class=\"link-more\"><a href=\"http:\/\/drei-linden-schule-ranzel.de\/?page_id=532\" class=\"more-link\"><span class=\"screen-reader-text\">\u201eOGS: \u00d6ffnungszeiten\u201c<\/span> weiterlesen<\/a><\/p>\n","protected":false},"author":1,"featured_media":0,"parent":0,"menu_order":0,"comment_status":"closed","ping_status":"closed","template":"","meta":{"jetpack_post_was_ever_published":false,"footnotes":""},"class_list":["post-532","page","type-page","status-publish","hentry"],"jetpack_sharing_enabled":true,"jetpack_shortlink":"https:\/\/wp.me\/PaPdtp-8A","_links":{"self":[{"href":"http:\/\/drei-linden-schule-ranzel.de\/index.php?rest_route=\/wp\/v2\/pages\/532","targetHints":{"allow":["GET"]}}],"collection":[{"href":"http:\/\/drei-linden-schule-ranzel.de\/index.php?rest_route=\/wp\/v2\/pages"}],"about":[{"href":"http:\/\/drei-linden-schule-ranzel.de\/index.php?rest_route=\/wp\/v2\/types\/page"}],"author":[{"embeddable":true,"href":"http:\/\/drei-linden-schule-ranzel.de\/index.php?rest_route=\/wp\/v2\/users\/1"}],"replies":[{"embeddable":true,"href":"http:\/\/drei-linden-schule-ranzel.de\/index.php?rest_route=%2Fwp%2Fv2%2Fcomments&post=532"}],"version-history":[{"count":12,"href":"http:\/\/drei-linden-schule-ranzel.de\/index.php?rest_route=\/wp\/v2\/pages\/532\/revisions"}],"predecessor-version":[{"id":2604,"href":"http:\/\/drei-linden-schule-ranzel.de\/index.php?rest_route=\/wp\/v2\/pages\/532\/revisions\/2604"}],"wp:attachment":[{"href":"http:\/\/drei-linden-schule-ranzel.de\/index.php?rest_route=%2Fwp%2Fv2%2Fmedia&parent=532"}],"curies":[{"name":"wp","href":"https:\/\/api.w.org\/{rel}","templated":true}]}}