{"id":520,"date":"2020-04-07T07:25:56","date_gmt":"2020-04-07T07:25:56","guid":{"rendered":"http:\/\/drei-linden-schule-ranzel.de\/?page_id=520"},"modified":"2026-02-03T13:37:54","modified_gmt":"2026-02-03T13:37:54","slug":"ganztag","status":"publish","type":"page","link":"http:\/\/drei-linden-schule-ranzel.de\/?page_id=520","title":{"rendered":"Ganztag"},"content":{"rendered":"\n<p><strong>OGS Drei-Linden-Schule Ranzel<\/strong><\/p>\n\n\n\n<p>Porzer Str.72<\/p>\n\n\n\n<p>53859 Niederkassel<\/p>\n\n\n\n<p>Tel.: 02208-5001817<\/p>\n\n\n\n<p>Mobil: 0173 2980720<\/p>\n\n\n\n<p>Mail:&nbsp;<a href=\"mailto:ogs.ranzel@awo-betreuteschulen.de\">ogs.ranzel@awo-betreuteschulen.de<\/a>&nbsp;&nbsp;&nbsp;<\/p>\n\n\n\n<p><strong>P\u00e4dagogische Leitung&nbsp;&nbsp;&nbsp;&nbsp;&nbsp;&nbsp;&nbsp;&nbsp;&nbsp;&nbsp;&nbsp;&nbsp;&nbsp;&nbsp;&nbsp;&nbsp;&nbsp;&nbsp;&nbsp;&nbsp;&nbsp;&nbsp;<\/strong><\/p>\n\n\n\n<p>Maren Schippel<\/p>\n\n\n\n<hr class=\"wp-block-separator has-text-color has-cyan-bluish-gray-color has-css-opacity has-cyan-bluish-gray-background-color has-background is-style-wide\"\/>\n\n\n\n<p><strong>Tr\u00e4gerverein<\/strong><\/p>\n\n\n<div class=\"wp-block-image\">\n<figure class=\"alignright size-large is-resized\"><img loading=\"lazy\" decoding=\"async\" width=\"1024\" height=\"1024\" src=\"http:\/\/drei-linden-schule-ranzel.de\/wp-content\/uploads\/2020\/04\/Logo_Betreute-Schulen-1-1024x1024.jpg\" alt=\"\" class=\"wp-image-521\" style=\"width:173px;height:173px\" srcset=\"http:\/\/drei-linden-schule-ranzel.de\/wp-content\/uploads\/2020\/04\/Logo_Betreute-Schulen-1-1024x1024.jpg 1024w, http:\/\/drei-linden-schule-ranzel.de\/wp-content\/uploads\/2020\/04\/Logo_Betreute-Schulen-1-300x300.jpg 300w, http:\/\/drei-linden-schule-ranzel.de\/wp-content\/uploads\/2020\/04\/Logo_Betreute-Schulen-1-150x150.jpg 150w, http:\/\/drei-linden-schule-ranzel.de\/wp-content\/uploads\/2020\/04\/Logo_Betreute-Schulen-1-768x768.jpg 768w, http:\/\/drei-linden-schule-ranzel.de\/wp-content\/uploads\/2020\/04\/Logo_Betreute-Schulen-1-100x100.jpg 100w, http:\/\/drei-linden-schule-ranzel.de\/wp-content\/uploads\/2020\/04\/Logo_Betreute-Schulen-1.jpg 1442w\" sizes=\"auto, (max-width: 767px) 89vw, (max-width: 1000px) 54vw, (max-width: 1071px) 543px, 580px\" \/><\/figure>\n<\/div>\n\n\n<p>Betreute Schulen e.V.<\/p>\n\n\n\n<p>Schumannstra\u00dfe 8<\/p>\n\n\n\n<p>53721 Siegburg<\/p>\n\n\n\n<p>Tel.: 02241 \u2013 96924-65<\/p>\n\n\n\n<p>Fax: 02241 \u2013 96924-66<\/p>\n\n\n\n<p><\/p>\n\n\n\n<p><a href=\"https:\/\/www.awo-bonn-rhein-sieg.de\/angebote\/betreute-schulen.html\">https:\/\/www.awo-bonn-rhein-sieg.de\/angebote\/betreute-schulen.html<\/a><\/p>\n\n\n\n<p>Der Verein Betreute Schulen e. V. ist als eingetragener, gemeinn\u00fctziger Verein organisiert und korporatives Mitglied im AWO Kreisverband Bonn\/Rhein-Sieg. Wir sind den Werten der Arbeiterwohlfahrt verpflichtet.<\/p>\n\n\n\n<p>Als anerkannter Tr\u00e4ger der freien Kinder- und Jugendhilfe gehen wir einem eigenst\u00e4ndigen p\u00e4dagogischen Auftrag nach und tragen dazu bei, dass der Begriff der Bildung in Schule durch einen ganzheitlichen Blick auf das \u201eLernen\u201c und entwicklungspsychologische Aspekte erweitert und optimiert wird.<br><br>Daf\u00fcr stehen wir:<\/p>\n\n\n\n<figure class=\"wp-block-image size-large\"><img loading=\"lazy\" decoding=\"async\" width=\"1024\" height=\"680\" src=\"http:\/\/drei-linden-schule-ranzel.de\/wp-content\/uploads\/2020\/12\/Daf\u00fcr-stehen-wir-Bild-1024x680.jpg\" alt=\"\" class=\"wp-image-816\" srcset=\"http:\/\/drei-linden-schule-ranzel.de\/wp-content\/uploads\/2020\/12\/Daf\u00fcr-stehen-wir-Bild-1024x680.jpg 1024w, http:\/\/drei-linden-schule-ranzel.de\/wp-content\/uploads\/2020\/12\/Daf\u00fcr-stehen-wir-Bild-300x199.jpg 300w, http:\/\/drei-linden-schule-ranzel.de\/wp-content\/uploads\/2020\/12\/Daf\u00fcr-stehen-wir-Bild-768x510.jpg 768w, http:\/\/drei-linden-schule-ranzel.de\/wp-content\/uploads\/2020\/12\/Daf\u00fcr-stehen-wir-Bild.jpg 1198w\" sizes=\"auto, (max-width: 767px) 89vw, (max-width: 1000px) 54vw, (max-width: 1071px) 543px, 580px\" \/><\/figure>\n\n\n\n<p><strong>Unser Angebot<\/strong><\/p>\n\n\n\n<p>F\u00fcr Kinder bedeutet Offene Ganztagsschule mehr Zeit zum ganzheitlichen Lernen, f\u00fcr musisch-kulturelle Bildung, mehr Zeit f\u00fcr Bewegung, Spiel und Sport. Schule \u00f6ffnet sich f\u00fcr neue Wege des Lernens. Neben dem fachlichen Lernen stehen die Pers\u00f6nlichkeitsentwicklung der Kinder sowie die Weiterentwicklung ihrer sozialen Kompetenz im Vordergrund.<\/p>\n\n\n\n<p>Die Angebote der OGS orientieren sich immer an den Bed\u00fcrfnissen der Kinder und sind deshalb so individuell wie die Kinder selbst.<\/p>\n\n\n\n<p><strong>Kontakt:<\/strong><\/p>\n\n\n\n<p>Betreute Schulen e.V.<\/p>\n\n\n\n<p>Schumannstr. 8<\/p>\n\n\n\n<p>53721 Siegburg<\/p>\n\n\n\n<p>Tel: 02241 \/ 89 57 200<\/p>\n\n\n\n<p>Homepage: <a href=\"https:\/\/awo-betreuteschulen.de\/\">https:\/\/awo-betreuteschulen.de\/<\/a><\/p>\n\n\n\n<p>E-Mail: betreute-schulen@awo-bnsu.de<\/p>\n\n\n\n<p><\/p>\n","protected":false},"excerpt":{"rendered":"<p>OGS Drei-Linden-Schule Ranzel Porzer Str.72 53859 Niederkassel Tel.: 02208-5001817 Mobil: 0173 2980720 Mail:&nbsp;ogs.ranzel@awo-betreuteschulen.de&nbsp;&nbsp;&nbsp; P\u00e4dagogische Leitung&nbsp;&nbsp;&nbsp;&nbsp;&nbsp;&nbsp;&nbsp;&nbsp;&nbsp;&nbsp;&nbsp;&nbsp;&nbsp;&nbsp;&nbsp;&nbsp;&nbsp;&nbsp;&nbsp;&nbsp;&nbsp;&nbsp; Maren Schippel Tr\u00e4gerverein Betreute Schulen e.V. Schumannstra\u00dfe 8 53721 Siegburg Tel.: 02241 \u2013 96924-65 Fax: 02241 \u2013 96924-66 https:\/\/www.awo-bonn-rhein-sieg.de\/angebote\/betreute-schulen.html Der Verein Betreute Schulen e. V. ist als eingetragener, gemeinn\u00fctziger Verein organisiert und korporatives Mitglied im AWO Kreisverband Bonn\/Rhein-Sieg. Wir sind &hellip; <\/p>\n<p class=\"link-more\"><a href=\"http:\/\/drei-linden-schule-ranzel.de\/?page_id=520\" class=\"more-link\"><span class=\"screen-reader-text\">\u201eGanztag\u201c<\/span> weiterlesen<\/a><\/p>\n","protected":false},"author":1,"featured_media":0,"parent":0,"menu_order":0,"comment_status":"closed","ping_status":"closed","template":"","meta":{"jetpack_post_was_ever_published":false,"footnotes":""},"class_list":["post-520","page","type-page","status-publish","hentry"],"jetpack_sharing_enabled":true,"jetpack_shortlink":"https:\/\/wp.me\/PaPdtp-8o","_links":{"self":[{"href":"http:\/\/drei-linden-schule-ranzel.de\/index.php?rest_route=\/wp\/v2\/pages\/520","targetHints":{"allow":["GET"]}}],"collection":[{"href":"http:\/\/drei-linden-schule-ranzel.de\/index.php?rest_route=\/wp\/v2\/pages"}],"about":[{"href":"http:\/\/drei-linden-schule-ranzel.de\/index.php?rest_route=\/wp\/v2\/types\/page"}],"author":[{"embeddable":true,"href":"http:\/\/drei-linden-schule-ranzel.de\/index.php?rest_route=\/wp\/v2\/users\/1"}],"replies":[{"embeddable":true,"href":"http:\/\/drei-linden-schule-ranzel.de\/index.php?rest_route=%2Fwp%2Fv2%2Fcomments&post=520"}],"version-history":[{"count":8,"href":"http:\/\/drei-linden-schule-ranzel.de\/index.php?rest_route=\/wp\/v2\/pages\/520\/revisions"}],"predecessor-version":[{"id":2602,"href":"http:\/\/drei-linden-schule-ranzel.de\/index.php?rest_route=\/wp\/v2\/pages\/520\/revisions\/2602"}],"wp:attachment":[{"href":"http:\/\/drei-linden-schule-ranzel.de\/index.php?rest_route=%2Fwp%2Fv2%2Fmedia&parent=520"}],"curies":[{"name":"wp","href":"https:\/\/api.w.org\/{rel}","templated":true}]}}