{"id":157,"date":"2019-03-24T16:46:51","date_gmt":"2019-03-24T16:46:51","guid":{"rendered":"http:\/\/drei-linden-schule-ranzel.de\/?page_id=157"},"modified":"2019-03-24T17:41:32","modified_gmt":"2019-03-24T17:41:32","slug":"dls-3-0","status":"publish","type":"page","link":"http:\/\/drei-linden-schule-ranzel.de\/?page_id=157","title":{"rendered":"DLS 3.0"},"content":{"rendered":"\n<h4 class=\"wp-block-heading\">Digitales und vernetztes Lernen &#8211; Drei Linden Schule 3.0<\/h4>\n\n\n\n<p>Die F\u00f6rderung der Schl\u00fcsselqualifikationen Kreativit\u00e4t, Kooperations- und Kommunikationsf\u00e4higkeit, Selbstst\u00e4ndigkeit, Sozialkompetenz und Medienkompetenz sowie die F\u00e4higkeit zu vernetztem Denken sind Grundgedanken des medienp\u00e4dagogischen Konzepts der Drei Linden Schule.&nbsp;<\/p>\n\n\n\n<div class=\"wp-block-image\"><figure class=\"alignright is-resized\"><img loading=\"lazy\" decoding=\"async\" src=\"http:\/\/drei-linden-schule-ranzel.de\/wp-content\/uploads\/2019\/03\/Ma-1-3-1024x768.jpg\" alt=\"\" class=\"wp-image-158\" width=\"263\" height=\"197\" srcset=\"http:\/\/drei-linden-schule-ranzel.de\/wp-content\/uploads\/2019\/03\/Ma-1-3-1024x768.jpg 1024w, http:\/\/drei-linden-schule-ranzel.de\/wp-content\/uploads\/2019\/03\/Ma-1-3-300x225.jpg 300w, http:\/\/drei-linden-schule-ranzel.de\/wp-content\/uploads\/2019\/03\/Ma-1-3-768x576.jpg 768w\" sizes=\"auto, (max-width: 263px) 100vw, 263px\" \/><\/figure><\/div>\n\n\n\n<p>Der Erwerb und Ausbau von Grundfertigkeiten sowie Verantwortung in der Mediennutzung beginnt bereits im ersten Schuljahr. <br>Die Kolleginnen und Kollegen der Drei Linden Schule vernetzen moderne und konventionelle Medien. Im Unterricht werden Vorz\u00fcge verschiedener Medieneins\u00e4tze relativiert und reflektiert sowie ein sensibler Umgang mit denselben angestrebt.<br>Immer gr\u00f6\u00dfer wird das derzeitige Medienspektrum. Angesichts dieser Entwicklung sollen die Sch\u00fclerinnen und Sch\u00fcler der Drei Linden Schule lernen, Medienangebote im Hinblick auf eigene Bed\u00fcrfnisse und Interessen auszuw\u00e4hlen und zu nutzen. Als Voraussetzung daf\u00fcr sollen sie unterschiedliche Medienangebote, z.B. Buch, Zeitung, Fernsehen, H\u00f6rmedien und Computersoftware, funktionsbezogen vergleichen und diesen auch nicht-mediale Handlungsm\u00f6glichkeiten, z.B. Erkundungen in der Realit\u00e4t, gegen\u00fcberstellen.<br>Unter diesen Aspekten wird nicht nur der Umgang mit Computern und Tablets in der Aufgabe eines Werkzeuges zum Thema, ebenso die Ger\u00e4te selbst zum Gegenstand des Lernens, damit Sch\u00fclerinnen und Sch\u00fcler in die Lage versetzt werden, diese ad\u00e4quat zu nutzen. Die individuellen Lernm\u00f6glichkeiten der Sch\u00fclerinnen und Sch\u00fcler zu f\u00f6rdern, ist Aufgabe der Grundschule in der Vermittlung von grundlegenden F\u00e4higkeiten, Kenntnissen und Fertigkeiten. \u00dcber gezielte Differenzierungsma\u00dfnahmen hinaus, ist die Aufgabe, den Sch\u00fclerinnen und Sch\u00fclern Hilfen auf dem Weg zur Selbst\u00e4ndigkeit zu geben. Gerade in diesem Zusammenhang bietet der Einsatz von Computern und Tablets die M\u00f6glichkeit, Kinder individuell zu f\u00f6rdern und sie selbstst\u00e4ndig ihre Arbeiten organisieren und ausf\u00fchren zu lassen.&nbsp;<br><\/p>\n\n\n\n<p>Wir<strong> danken <\/strong>unserem<strong> <em>F\u00f6rderverein<\/em> <\/strong>und unserer<strong> <em>Schulpflegschaft <\/em><\/strong>f\u00fcr die Unterst\u00fctzung und den Start <strong>DLS 3.0 ; <\/strong>zusammen mit unserem <strong>Schultr\u00e4ger<\/strong>, der Stadt Niederkassel wird der Ausbau der weiteren Digitalisierung vorangetrieben.<\/p>\n\n\n\n<figure class=\"wp-block-video\"><video height=\"480\" style=\"aspect-ratio: 640 \/ 480;\" width=\"640\" autoplay controls preload=\"none\" src=\"http:\/\/drei-linden-schule-ranzel.de\/wp-content\/uploads\/2019\/03\/DreiLindenSchule3-0-Video-iPad-KLEIN.mov\"><\/video><figcaption><em>Der Start unseres Projekts Drei Linden Schule 3.0<\/em><\/figcaption><\/figure>\n","protected":false},"excerpt":{"rendered":"<p>Digitales und vernetztes Lernen &#8211; Drei Linden Schule 3.0 Die F\u00f6rderung der Schl\u00fcsselqualifikationen Kreativit\u00e4t, Kooperations- und Kommunikationsf\u00e4higkeit, Selbstst\u00e4ndigkeit, Sozialkompetenz und Medienkompetenz sowie die F\u00e4higkeit zu vernetztem Denken sind Grundgedanken des medienp\u00e4dagogischen Konzepts der Drei Linden Schule.&nbsp; Der Erwerb und Ausbau von Grundfertigkeiten sowie Verantwortung in der Mediennutzung beginnt bereits im ersten Schuljahr. Die Kolleginnen und &hellip; <\/p>\n<p class=\"link-more\"><a href=\"http:\/\/drei-linden-schule-ranzel.de\/?page_id=157\" class=\"more-link\"><span class=\"screen-reader-text\">\u201eDLS 3.0\u201c<\/span> weiterlesen<\/a><\/p>\n","protected":false},"author":1,"featured_media":0,"parent":0,"menu_order":0,"comment_status":"closed","ping_status":"closed","template":"","meta":{"jetpack_post_was_ever_published":false,"footnotes":""},"class_list":["post-157","page","type-page","status-publish","hentry"],"jetpack_sharing_enabled":false,"jetpack_shortlink":"https:\/\/wp.me\/PaPdtp-2x","_links":{"self":[{"href":"http:\/\/drei-linden-schule-ranzel.de\/index.php?rest_route=\/wp\/v2\/pages\/157","targetHints":{"allow":["GET"]}}],"collection":[{"href":"http:\/\/drei-linden-schule-ranzel.de\/index.php?rest_route=\/wp\/v2\/pages"}],"about":[{"href":"http:\/\/drei-linden-schule-ranzel.de\/index.php?rest_route=\/wp\/v2\/types\/page"}],"author":[{"embeddable":true,"href":"http:\/\/drei-linden-schule-ranzel.de\/index.php?rest_route=\/wp\/v2\/users\/1"}],"replies":[{"embeddable":true,"href":"http:\/\/drei-linden-schule-ranzel.de\/index.php?rest_route=%2Fwp%2Fv2%2Fcomments&post=157"}],"version-history":[{"count":5,"href":"http:\/\/drei-linden-schule-ranzel.de\/index.php?rest_route=\/wp\/v2\/pages\/157\/revisions"}],"predecessor-version":[{"id":169,"href":"http:\/\/drei-linden-schule-ranzel.de\/index.php?rest_route=\/wp\/v2\/pages\/157\/revisions\/169"}],"wp:attachment":[{"href":"http:\/\/drei-linden-schule-ranzel.de\/index.php?rest_route=%2Fwp%2Fv2%2Fmedia&parent=157"}],"curies":[{"name":"wp","href":"https:\/\/api.w.org\/{rel}","templated":true}]}}