{"id":129,"date":"2019-03-23T10:55:59","date_gmt":"2019-03-23T10:55:59","guid":{"rendered":"http:\/\/drei-linden-schule-ranzel.de\/?page_id=129"},"modified":"2019-03-23T11:23:37","modified_gmt":"2019-03-23T11:23:37","slug":"projekt-tuwas","status":"publish","type":"page","link":"http:\/\/drei-linden-schule-ranzel.de\/?page_id=129","title":{"rendered":"Projekt: TuWas"},"content":{"rendered":"\n<div class=\"wp-block-image\"><figure class=\"alignright is-resized\"><img loading=\"lazy\" decoding=\"async\" src=\"http:\/\/drei-linden-schule-ranzel.de\/wp-content\/uploads\/2019\/03\/TuWaslogo.jpg\" alt=\"\" class=\"wp-image-130\" width=\"162\" height=\"87\"\/><\/figure><\/div>\n\n\n\n<p>TuWaS ist die Abk\u00fcrzung f\u00fcr Technik und Wissenschaft an Schulen. Die Drei-Linden-Schule f\u00f6rdert die Technikbegeisterung und das Interesse an Naturwissenschaft der Kinder. <\/p>\n\n\n\n<p><\/p>\n\n\n\n<p>Deutschlandweit sagen immer mehr Ausbilder und Unternehmen: Zu wenige Kinder ergreifen technische Berufe und arbeiten in ihnen. Darum gilt es, Technikbegeisterung und Interesse f\u00fcr Naturwissenschaften schon im Grundschulalter zu wecken.<\/p>\n\n\n\n<p>Die Drei-Linden-Schule wird von der Initiative TuWaS der Industrie- und Handelskammern Bonn\/Rhein-Sieg und K\u00f6ln unterst\u00fctzt. Diese f\u00fchrt Grundschulkinder spielerisch an naturwissenschaftlich-technische Fragen heran und m\u00f6chte so die Facharbeiter von \u00fcbermorgen gewinnen.<\/p>\n\n\n\n<p>An der Drei-Linden-Schule, GGS Ranzel hat die Shell Deutschland Oil GmbH eine Patenschaft f\u00fcr TuWas \u00fcbernommen und finanziert den Grundsch\u00fclerinnen und Grundsch\u00fclern die notwendige Ausstattung. \u201eShell\u201c engagiert sich f\u00fcr TuWaS, um bei Kindern schon fr\u00fchzeitig das Interesse an Chemie zu wecken. Als international t\u00e4tiges und lokal renommiertes Unternehmen m\u00f6chte Shell insbesondere Schulen im Umfeld des Standorts unterst\u00fctzen.<\/p>\n\n\n\n<div class=\"wp-block-image\"><figure class=\"alignleft is-resized\"><img loading=\"lazy\" decoding=\"async\" src=\"http:\/\/drei-linden-schule-ranzel.de\/wp-content\/uploads\/2019\/03\/Ma-1-1-768x1024.jpg\" alt=\"\" class=\"wp-image-131\" width=\"232\" height=\"308\" srcset=\"http:\/\/drei-linden-schule-ranzel.de\/wp-content\/uploads\/2019\/03\/Ma-1-1-768x1024.jpg 768w, http:\/\/drei-linden-schule-ranzel.de\/wp-content\/uploads\/2019\/03\/Ma-1-1-225x300.jpg 225w\" sizes=\"auto, (max-width: 232px) 100vw, 232px\" \/><\/figure><\/div>\n\n\n\n<p>Durch TuWaS erh\u00e4lt die Drei-Linden-Schule wertvolle Unterst\u00fctzung f\u00fcr das Fach Sachunterricht. Durch die Zusammenstellung des Materials der Experimentiereinheiten und die passgenauen Lehrerfortbildungen bietet TuWaS f\u00fcr die Kinder, Lehrer und die gesamte Schule eine gro\u00dfe Bereicherung und Arbeitserleichterung. Die Kinder begeistern sich f\u00fcr die anschaulichen Experimente.<\/p>\n\n\n\n<p>Das Ziel von TuWas ist, eine M\u00f6glichkeit f\u00fcr Kooperationen von Grundschulen und Unternehmen zu schaffen. Durch die Zusammenarbeit und die finanzielle F\u00f6rderung erm\u00f6glichen die Sponsoren aus der Wirtschaft den Grundschulkindern nicht nur spannende naturwissenschaftliche Experimente, sondern auch fr\u00fchzeitige Einblicke in die Berufswelt.<\/p>\n\n\n\n<p><\/p>\n\n\n\n<p>Weitere Informationen erhalten Sie unter: <a href=\"http:\/\/www.tuwas-deutschland.de\/koeln-bonn.html\"><a href=\"http:\/\/www.tuwas-deutschland.de\/koeln-bonn.html\">www.tuwas-deutschland.de<\/a><\/a><\/p>\n\n\n\n<p><em>Das TuWas-Logo wurde der o.g. Webseite entnommen und zitiert.<\/em><\/p>\n","protected":false},"excerpt":{"rendered":"<p>TuWaS ist die Abk\u00fcrzung f\u00fcr Technik und Wissenschaft an Schulen. Die Drei-Linden-Schule f\u00f6rdert die Technikbegeisterung und das Interesse an Naturwissenschaft der Kinder. Deutschlandweit sagen immer mehr Ausbilder und Unternehmen: Zu wenige Kinder ergreifen technische Berufe und arbeiten in ihnen. Darum gilt es, Technikbegeisterung und Interesse f\u00fcr Naturwissenschaften schon im Grundschulalter zu wecken. Die Drei-Linden-Schule wird &hellip; <\/p>\n<p class=\"link-more\"><a href=\"http:\/\/drei-linden-schule-ranzel.de\/?page_id=129\" class=\"more-link\"><span class=\"screen-reader-text\">\u201eProjekt: TuWas\u201c<\/span> weiterlesen<\/a><\/p>\n","protected":false},"author":1,"featured_media":0,"parent":0,"menu_order":0,"comment_status":"closed","ping_status":"closed","template":"","meta":{"jetpack_post_was_ever_published":false,"footnotes":""},"class_list":["post-129","page","type-page","status-publish","hentry"],"jetpack_sharing_enabled":true,"jetpack_shortlink":"https:\/\/wp.me\/PaPdtp-25","_links":{"self":[{"href":"http:\/\/drei-linden-schule-ranzel.de\/index.php?rest_route=\/wp\/v2\/pages\/129","targetHints":{"allow":["GET"]}}],"collection":[{"href":"http:\/\/drei-linden-schule-ranzel.de\/index.php?rest_route=\/wp\/v2\/pages"}],"about":[{"href":"http:\/\/drei-linden-schule-ranzel.de\/index.php?rest_route=\/wp\/v2\/types\/page"}],"author":[{"embeddable":true,"href":"http:\/\/drei-linden-schule-ranzel.de\/index.php?rest_route=\/wp\/v2\/users\/1"}],"replies":[{"embeddable":true,"href":"http:\/\/drei-linden-schule-ranzel.de\/index.php?rest_route=%2Fwp%2Fv2%2Fcomments&post=129"}],"version-history":[{"count":3,"href":"http:\/\/drei-linden-schule-ranzel.de\/index.php?rest_route=\/wp\/v2\/pages\/129\/revisions"}],"predecessor-version":[{"id":147,"href":"http:\/\/drei-linden-schule-ranzel.de\/index.php?rest_route=\/wp\/v2\/pages\/129\/revisions\/147"}],"wp:attachment":[{"href":"http:\/\/drei-linden-schule-ranzel.de\/index.php?rest_route=%2Fwp%2Fv2%2Fmedia&parent=129"}],"curies":[{"name":"wp","href":"https:\/\/api.w.org\/{rel}","templated":true}]}}