{"id":119,"date":"2019-03-23T10:11:13","date_gmt":"2019-03-23T10:11:13","guid":{"rendered":"http:\/\/drei-linden-schule-ranzel.de\/?page_id=119"},"modified":"2020-11-13T13:43:43","modified_gmt":"2020-11-13T13:43:43","slug":"projekt-klasse-2000","status":"publish","type":"page","link":"http:\/\/drei-linden-schule-ranzel.de\/?page_id=119","title":{"rendered":"Projekt: Klasse 2000"},"content":{"rendered":"\n<div class=\"wp-block-image\"><figure class=\"alignright\"><img loading=\"lazy\" decoding=\"async\" width=\"132\" height=\"128\" src=\"http:\/\/drei-linden-schule-ranzel.de\/wp-content\/uploads\/2019\/03\/image-1.png\" alt=\"\" class=\"wp-image-121\"\/><\/figure><\/div>\n\n\n\n<p><\/p>\n\n\n\n<p><strong>Gesund mit Klaro<\/strong><\/p>\n\n\n\n<p>Seit dem Schuljahr 2008\/09 ist der fr\u00f6hliche \u201eKlaro\u201c an der Drei-Linden-Schule \u2013 GGS Ranzel aktiv: er f\u00fchrt die Kinder durch das Programm Klasse2000 und zeigt ihnen, wie viel Spa\u00df es macht, gesund zu leben. Unsere Schule wurde in diesem Schuljahr mit dem Zertifikat \u201cKlasse2000\u2033ausgezeichnet.<\/p>\n\n\n\n<p>Wir beteiligen uns mit allen Klassen an Klasse2000, dem bundesweit gr\u00f6\u00dften Grundschulprogramm zur Gesundheitsf\u00f6rderung, Gewalt- und Suchtvorbeugung. Es wurde 1991 am Klinikum N\u00fcrnberg konzipiert und wird seitdem st\u00e4ndig weiterentwickelt und verbessert. Bereits im Schuljahr 2012\/13 nahmen bundesweit \u00fcber 18.376 Klassen mit mehr als 420.000 &nbsp;Kindern daran teil.<\/p>\n\n\n\n<div class=\"wp-block-image\"><figure class=\"aligncenter\"><img loading=\"lazy\" decoding=\"async\" width=\"1024\" height=\"584\" src=\"http:\/\/drei-linden-schule-ranzel.de\/wp-content\/uploads\/2019\/03\/Ma-1-1024x584.jpg\" alt=\"\" class=\"wp-image-123\" srcset=\"http:\/\/drei-linden-schule-ranzel.de\/wp-content\/uploads\/2019\/03\/Ma-1-1024x584.jpg 1024w, http:\/\/drei-linden-schule-ranzel.de\/wp-content\/uploads\/2019\/03\/Ma-1-300x171.jpg 300w, http:\/\/drei-linden-schule-ranzel.de\/wp-content\/uploads\/2019\/03\/Ma-1-768x438.jpg 768w\" sizes=\"auto, (max-width: 767px) 89vw, (max-width: 1000px) 54vw, (max-width: 1071px) 543px, 580px\" \/><\/figure><\/div>\n\n\n\n<p><strong>Finanzierung<\/strong><\/p>\n\n\n\n<p>Klasse2000 finanziert sich nur durch Spenden, meist in Form von Patenschaften. Der\u00a0 Patenschaftsbetrag liegt bei 220\u20ac pro Klasse und Schuljahr und kann steuerlich abgesetzt werden. Dieser Beitrag deckt die Kosten f\u00fcr das umfangreiche Unterrichtsmaterial, die Arbeit der Klasse2000-Gesundheitsf\u00f6rderer und die Organisation des Programms. Auch Teilpatenschaften sind m\u00f6glich; also unterst\u00fctzen Sie uns.<\/p>\n\n\n\n<p>Gerne m\u00f6chten wir Sie an dieser Stelle auf den von unserem <a href=\"http:\/\/drei-linden-schule-ranzel.de\/?page_id=68\">F\u00f6rderverein<\/a> eingerichteten PayPal-<strong>Spendenpool<\/strong>\u00a0aufmerksam machen und um Ihre Unterst\u00fctzung bitten:<\/p>\n\n\n\n<p><a href=\"https:\/\/paypal.me\/pools\/c\/8tKchu7aoe\">https:\/\/paypal.me\/pools\/c\/8tKchu7aoe<\/a><\/p>\n\n\n\n<p>Selbstverst\u00e4ndlich w\u00e4re auch eine Einmalspende in einen verschlossenen Umschlag \u00fcber die Postmappe m\u00f6glich.<\/p>\n\n\n\n<p>Der Verein Programm Klasse2000 e.V. ist vom Deutschen Zentralinstitut f\u00fcr soziale Fragen als f\u00f6rderungsw\u00fcrdig anerkannt und tr\u00e4gt das DZI Spenden-Siegel.<\/p>\n\n\n\n<p><strong>Je fr\u00fcher, desto besser!<\/strong><\/p>\n\n\n\n<p>Klasse2000 beginnt bereits in der 1. Klasse, denn den gr\u00f6\u00dften Erfolg kann die&nbsp; Suchtvorbeugung erzielen, bevor die Kinder eigene Erfahrungen mit Suchtmitteln haben \u2013 und immerhin ein Drittel der Kinder probiert Zigaretten bereits in der Grundschulzeit. Klasse2000 begleitet die Kinder von der ersten bis zur 4. Klasse, um nachhaltig zu wirken.<\/p>\n\n\n\n<p><strong>Ziele von Klasse2000<\/strong><\/p>\n\n\n\n<p>Die beste Vorbeugung gegen Sucht und Gewalt ist die F\u00f6rderung der pers\u00f6nlichen F\u00e4higkeiten und St\u00e4rken der Kinder \u2013 das ist wissenschaftlich belegt. Die wichtigsten Ziele von Klasse2000 sind deshalb:<\/p>\n\n\n\n<ul class=\"wp-block-list\"><li>Kinder kennen ihren K\u00f6rper und entwickeln eine positive Einstellung zur Gesundheit<\/li><li>Kinder kennen die Bedeutung von gesunder Ern\u00e4hrung und Bewegung und haben Freude an einem aktiven Leben<\/li><li>Kinder entwickeln pers\u00f6nliche und soziale Kompetenzen<\/li><li>Kinder lernen den kritischen Umgang mit Tabak, Alkohol und den Versprechen der Werbung<\/li><li>Das Umfeld der Kinder \u2013 Eltern, Schule, Gemeinde \u2013 unterst\u00fctzt sie beim gesunden Aufwachsen<\/li><\/ul>\n\n\n\n<p><strong>Klaro: Gesundheit mit Spa\u00df!<\/strong><\/p>\n\n\n\n<p>Klasse2000 setzt auf einen altersgerechten Unterricht, der Spa\u00df macht. Die Kinder sollen das Thema Gesundheit mit positiven Gef\u00fchlen, Erfahrungen und Erlebnissen verbinden. Daf\u00fcr steht KLARO, die Sympathie- und Identifikationsfigur von Klasse2000.<\/p>\n\n\n\n<p><strong>Externe Fachleute und Lehrkr\u00e4fte<\/strong><\/p>\n\n\n\n<p>Im Rahmen von Klasse2000 werden etwa 12 Unterrichtsstunden pro Schuljahr von den Klassenlehrerinnen und -lehrern durchgef\u00fchrt. Sie erhalten daf\u00fcr aus-f\u00fchrliches und praxiserprobtes Unterrichtsmaterial.<\/p>\n\n\n\n<p>Zwei bis drei weitere Stunden gestalten die Klasse2000-Gesundheitsf\u00f6rderer. Dies sind speziell geschulte Fachleute aus den Bereichen Gesundheit und P\u00e4dagogik, die zu ihren Stunden oft besondere Spiele und Materialien mitbringen, z.B. Atemtrainer, Stethoskope, Erbsens\u00e4ckchen f\u00fcr die Wirbels\u00e4ule und vieles mehr. Die Kinder sind von den externen Besuchern begeistert und entwickeln eine starke Motivation, die von den Lehrerinnen und Lehrern genutzt wird.<\/p>\n\n\n\n<p><strong>Die Themen<\/strong><\/p>\n\n\n\n<ul class=\"wp-block-list\"><li>Den K\u00f6rper spielerisch kennen lernen: Atmung, Verdauung, Bewegung<\/li><li>Regelm\u00e4\u00dfig bewegen und entspannen<\/li><li>Gesund und lecker essen<\/li><li>Eigene St\u00e4rken und Schw\u00e4chen erkennen<\/li><li>Mit Gef\u00fchlen umgehen und Probleme l\u00f6sen<\/li><li>Konflikte ohne Gewalt beilegen<\/li><li>In der Klasse kooperieren<\/li><li>Die eigene Schule aktiv mitgestalten<\/li><li>Tabak und Alkohol kritisch beurteilen<\/li><li>Gruppendruck erkennen und Nein-Sagen<\/li><\/ul>\n\n\n\n<p><strong>Einbindung der Eltern<\/strong><\/p>\n\n\n\n<p>Klasse2000 legt besonderen Wert auf die Einbindung der Eltern. Nur wenn Schule und Eltern an einem Strang ziehen, kann die Suchtvorbeugung in der Grundschule erfolgreich sein. Daher bekommen alle Eltern Informationsmaterialien, die \u00fcber die Inhalte von Klasse2000,&nbsp; \u00fcber Suchtvorbeugung und Themen rund um die Gesundheitsf\u00f6rderung informieren. Die j\u00e4hrlichen Elternbriefe gibt es auch in Fremdsprachen.<\/p>\n\n\n\n<p><strong>Klasse2000 wirkt!<\/strong><\/p>\n\n\n\n<p>Am Ende der Grundschulzeit berichteten Sch\u00fcler, die bei Klasse2000 mitgemacht hatten, deutlich seltener als andere Kinder \u00fcber Erfahrungen mit Zigaretten (25% gegen\u00fcber 32%). Der Anteil von Kindern, die regelm\u00e4\u00dfig rauchen, war bei den Klasse2000-Sch\u00fclern (1,5%) nur halb so gro\u00df wie bei Kindern, die nicht an dem Programm teilgenommen hatten (3,0%).<\/p>\n\n\n\n<p><strong>Weitere Informationen<\/strong><\/p>\n\n\n\n<p>Weitere Informationen gibt es unter:&nbsp;<a href=\"http:\/\/www.klasse2000.de\/\">www.klasse2000.de<\/a><\/p>\n\n\n\n<p>oder bei der Schule, Ansprechpartnerin: Frau Bersch<\/p>\n\n\n\n<div class=\"wp-block-file\"><a href=\"http:\/\/drei-linden-schule-ranzel.de\/wp-content\/uploads\/2020\/10\/patenschaftserkl\u00e4rung-klasse2000.pdf\">Patenschaftserkl\u00e4rung-Klasse2000<\/a><a href=\"http:\/\/drei-linden-schule-ranzel.de\/wp-content\/uploads\/2020\/10\/patenschaftserkl\u00e4rung-klasse2000.pdf\" class=\"wp-block-file__button\" download>Herunterladen<\/a><\/div>\n\n\n\n<div class=\"wp-block-file\"><a href=\"http:\/\/drei-linden-schule-ranzel.de\/wp-content\/uploads\/2020\/10\/projektbeschreibung-klasse2000.pdf\">Projektbeschreibung-Klasse2000<\/a><a href=\"http:\/\/drei-linden-schule-ranzel.de\/wp-content\/uploads\/2020\/10\/projektbeschreibung-klasse2000.pdf\" class=\"wp-block-file__button\" download>Herunterladen<\/a><\/div>\n\n\n\n<p><em>Das Klaro-Logo wurde der o.g. Webseite entnommen und zitiert.<\/em><\/p>\n","protected":false},"excerpt":{"rendered":"<p>Gesund mit Klaro Seit dem Schuljahr 2008\/09 ist der fr\u00f6hliche \u201eKlaro\u201c an der Drei-Linden-Schule \u2013 GGS Ranzel aktiv: er f\u00fchrt die Kinder durch das Programm Klasse2000 und zeigt ihnen, wie viel Spa\u00df es macht, gesund zu leben. Unsere Schule wurde in diesem Schuljahr mit dem Zertifikat \u201cKlasse2000\u2033ausgezeichnet. Wir beteiligen uns mit allen Klassen an Klasse2000, &hellip; <\/p>\n<p class=\"link-more\"><a href=\"http:\/\/drei-linden-schule-ranzel.de\/?page_id=119\" class=\"more-link\"><span class=\"screen-reader-text\">\u201eProjekt: Klasse 2000\u201c<\/span> weiterlesen<\/a><\/p>\n","protected":false},"author":1,"featured_media":0,"parent":0,"menu_order":0,"comment_status":"closed","ping_status":"closed","template":"","meta":{"jetpack_post_was_ever_published":false,"footnotes":""},"class_list":["post-119","page","type-page","status-publish","hentry"],"jetpack_sharing_enabled":true,"jetpack_shortlink":"https:\/\/wp.me\/PaPdtp-1V","_links":{"self":[{"href":"http:\/\/drei-linden-schule-ranzel.de\/index.php?rest_route=\/wp\/v2\/pages\/119","targetHints":{"allow":["GET"]}}],"collection":[{"href":"http:\/\/drei-linden-schule-ranzel.de\/index.php?rest_route=\/wp\/v2\/pages"}],"about":[{"href":"http:\/\/drei-linden-schule-ranzel.de\/index.php?rest_route=\/wp\/v2\/types\/page"}],"author":[{"embeddable":true,"href":"http:\/\/drei-linden-schule-ranzel.de\/index.php?rest_route=\/wp\/v2\/users\/1"}],"replies":[{"embeddable":true,"href":"http:\/\/drei-linden-schule-ranzel.de\/index.php?rest_route=%2Fwp%2Fv2%2Fcomments&post=119"}],"version-history":[{"count":9,"href":"http:\/\/drei-linden-schule-ranzel.de\/index.php?rest_route=\/wp\/v2\/pages\/119\/revisions"}],"predecessor-version":[{"id":805,"href":"http:\/\/drei-linden-schule-ranzel.de\/index.php?rest_route=\/wp\/v2\/pages\/119\/revisions\/805"}],"wp:attachment":[{"href":"http:\/\/drei-linden-schule-ranzel.de\/index.php?rest_route=%2Fwp%2Fv2%2Fmedia&parent=119"}],"curies":[{"name":"wp","href":"https:\/\/api.w.org\/{rel}","templated":true}]}}